{"id":10093,"date":"2022-06-01T11:34:15","date_gmt":"2022-06-01T11:34:15","guid":{"rendered":"http:\/\/www.gbsherveparis.com\/?post_type=product&#038;p=10093"},"modified":"2024-04-02T12:13:28","modified_gmt":"2024-04-02T12:13:28","slug":"biata","status":"publish","type":"product","link":"https:\/\/gbsherveparis.com\/de\/wedding-dress\/biata\/","title":{"rendered":"Biata"},"content":{"rendered":"","protected":false},"excerpt":{"rendered":"<p>Selbstbewusst, vertr\u00e4umt und romantisch. Das BIATA-Kleid ist f\u00fcr die Boh\u00e8me-Braut gemacht. Das Highlight dieses Kleides sind die ausdrucksstarken Glocken\u00e4rmel aus feinster franz\u00f6sischer Spitze. Gepaart mit einem klassischen Chiffonrock, l\u00e4sst die Silhouette des BIATA die verspielten und doch eleganten Spitzen\u00e4rmel die ganze Aufmerksamkeit auf sich ziehen.<\/p>\n<p>Dieses Kleid ist auch mit einem schlichten Chiffon-Rock erh\u00e4ltlich: Biata A<br \/>\nDieses Kleid ist auch mit Kapuzen\u00e4rmeln erh\u00e4ltlich: Biata C<br \/>\nDieses Kleid ist auch mit Kapsel\u00e4rmeln und einem schlichten Chiffonrock erh\u00e4ltlich: Biata CA<\/p>\n<p>Dieses Biata-Kleid und das Biata C sind in den Farben erh\u00e4ltlich:<br \/>\nCappuccino\/Cappuccino<br \/>\nElfenbein\/Elfenbein<\/p>\n<p>Das Biata A Kleid und das Biata CA Kleid sind in den Farben erh\u00e4ltlich:<br \/>\nElfenbein\/Cappuccino<br \/>\nElfenbein\/Elfenbein<\/p>\n<p><iframe title=\"YouTube-Video-Player\" src=\"https:\/\/www.youtube.com\/embed\/ypljEsTKOnQ?controls=0\" width=\"560\" height=\"315\" frameborder=\"0\" allowfullscreen=\"allowfullscreen\"><\/iframe><\/p>\n<p><strong>Teile es, mag es, liebe es!<\/strong><\/p>\n<p>&nbsp;<\/p>","protected":false},"featured_media":10094,"template":"","meta":{"_acf_changed":false,"site-sidebar-layout":"default","site-content-layout":"","ast-site-content-layout":"default","site-content-style":"default","site-sidebar-style":"default","ast-global-header-display":"","ast-banner-title-visibility":"","ast-main-header-display":"","ast-hfb-above-header-display":"","ast-hfb-below-header-display":"","ast-hfb-mobile-header-display":"","site-post-title":"","ast-breadcrumbs-content":"","ast-featured-img":"","footer-sml-layout":"","ast-disable-related-posts":"","theme-transparent-header-meta":"","adv-header-id-meta":"","stick-header-meta":"","header-above-stick-meta":"","header-main-stick-meta":"","header-below-stick-meta":"","astra-migrate-meta-layouts":"default","ast-page-background-enabled":"default","ast-page-background-meta":{"desktop":{"background-color":"var(--ast-global-color-5)","background-image":"","background-repeat":"repeat","background-position":"center center","background-size":"auto","background-attachment":"scroll","background-type":"","background-media":"","overlay-type":"","overlay-color":"","overlay-opacity":"","overlay-gradient":""},"tablet":{"background-color":"","background-image":"","background-repeat":"repeat","background-position":"center center","background-size":"auto","background-attachment":"scroll","background-type":"","background-media":"","overlay-type":"","overlay-color":"","overlay-opacity":"","overlay-gradient":""},"mobile":{"background-color":"","background-image":"","background-repeat":"repeat","background-position":"center center","background-size":"auto","background-attachment":"scroll","background-type":"","background-media":"","overlay-type":"","overlay-color":"","overlay-opacity":"","overlay-gradient":""}},"ast-content-background-meta":{"desktop":{"background-color":"var(--ast-global-color-4)","background-image":"","background-repeat":"repeat","background-position":"center center","background-size":"auto","background-attachment":"scroll","background-type":"","background-media":"","overlay-type":"","overlay-color":"","overlay-opacity":"","overlay-gradient":""},"tablet":{"background-color":"var(--ast-global-color-4)","background-image":"","background-repeat":"repeat","background-position":"center center","background-size":"auto","background-attachment":"scroll","background-type":"","background-media":"","overlay-type":"","overlay-color":"","overlay-opacity":"","overlay-gradient":""},"mobile":{"background-color":"var(--ast-global-color-4)","background-image":"","background-repeat":"repeat","background-position":"center center","background-size":"auto","background-attachment":"scroll","background-type":"","background-media":"","overlay-type":"","overlay-color":"","overlay-opacity":"","overlay-gradient":""}}},"product_brand":[],"product_cat":[81],"product_tag":[115],"class_list":{"0":"post-10093","1":"product","2":"type-product","3":"status-publish","4":"has-post-thumbnail","6":"product_cat-the-mystical-collection","7":"product_tag-a-line-silhouette","8":"desktop-align-left","9":"tablet-align-left","10":"mobile-align-left","12":"first","13":"instock","14":"shipping-taxable","15":"product-type-simple"},"acf":[],"yoast_head":"<!-- This site is optimized with the Yoast SEO plugin v27.5 - https:\/\/yoast.com\/product\/yoast-seo-wordpress\/ -->\n<title>Biata - GBS Herve Paris<\/title>\n<meta name=\"robots\" content=\"index, follow, max-snippet:-1, max-image-preview:large, max-video-preview:-1\" \/>\n<link rel=\"canonical\" href=\"https:\/\/gbsherveparis.com\/de\/fr\/wedding-dress\/biata\/\" \/>\n<meta property=\"og:locale\" content=\"de_DE\" \/>\n<meta property=\"og:type\" content=\"article\" \/>\n<meta property=\"og:title\" content=\"Biata - GBS Herve Paris\" \/>\n<meta property=\"og:description\" content=\"Confident, dreamy and romantic. Introducing the BIATA gown designed for the bohemian bride. This gown\u2019s best highlight is the statement bell sleeves in the finest French lace. Paired with a classic chiffon skirt, the silhouette of the BIATA allows the fun yet elegance lace sleeves do all the talking.  This dress is also available with a plain chiffon skirt: Biata A This dress is also available with capsleeves: Biata C This dress is also available with capsleeves and a plain chiffon skirt: Biata CA  This Biata dress and the Biata C are available in the colours: Cappuccino\/Cappuccino Ivory\/Ivory  The Biata A dress and the Biata CA dress&nbsp;are available in the colours: Ivory\/Cappuccino Ivory\/Ivory    Share it, Like it, Love it!  &nbsp;\" \/>\n<meta property=\"og:url\" content=\"https:\/\/gbsherveparis.com\/de\/fr\/wedding-dress\/biata\/\" \/>\n<meta property=\"og:site_name\" content=\"GBS Herve Paris\" \/>\n<meta property=\"article:modified_time\" content=\"2024-04-02T12:13:28+00:00\" \/>\n<meta property=\"og:image\" content=\"https:\/\/gbsherveparis.com\/wp-content\/uploads\/2022\/06\/GBS-Herve-Paris_The-Mystical-Collection_Biata_Afront_1_04_MG_1742-scaled.jpg\" \/>\n\t<meta property=\"og:image:width\" content=\"1829\" \/>\n\t<meta property=\"og:image:height\" content=\"2560\" \/>\n\t<meta property=\"og:image:type\" content=\"image\/jpeg\" \/>\n<meta name=\"twitter:card\" content=\"summary_large_image\" \/>\n<script type=\"application\/ld+json\" class=\"yoast-schema-graph\">{\"@context\":\"https:\\\/\\\/schema.org\",\"@graph\":[{\"@type\":\"WebPage\",\"@id\":\"https:\\\/\\\/gbsherveparis.com\\\/fr\\\/wedding-dress\\\/biata\\\/\",\"url\":\"https:\\\/\\\/gbsherveparis.com\\\/fr\\\/wedding-dress\\\/biata\\\/\",\"name\":\"Biata - GBS Herve Paris\",\"isPartOf\":{\"@id\":\"https:\\\/\\\/gbsherveparis.com\\\/#website\"},\"primaryImageOfPage\":{\"@id\":\"https:\\\/\\\/gbsherveparis.com\\\/fr\\\/wedding-dress\\\/biata\\\/#primaryimage\"},\"image\":{\"@id\":\"https:\\\/\\\/gbsherveparis.com\\\/fr\\\/wedding-dress\\\/biata\\\/#primaryimage\"},\"thumbnailUrl\":\"https:\\\/\\\/gbsherveparis.com\\\/wp-content\\\/uploads\\\/2022\\\/06\\\/GBS-Herve-Paris_The-Mystical-Collection_Biata_Afront_1_04_MG_1742-scaled.jpg\",\"datePublished\":\"2022-06-01T11:34:15+00:00\",\"dateModified\":\"2024-04-02T12:13:28+00:00\",\"breadcrumb\":{\"@id\":\"https:\\\/\\\/gbsherveparis.com\\\/fr\\\/wedding-dress\\\/biata\\\/#breadcrumb\"},\"inLanguage\":\"de\",\"potentialAction\":[{\"@type\":\"ReadAction\",\"target\":[\"https:\\\/\\\/gbsherveparis.com\\\/fr\\\/wedding-dress\\\/biata\\\/\"]}]},{\"@type\":\"ImageObject\",\"inLanguage\":\"de\",\"@id\":\"https:\\\/\\\/gbsherveparis.com\\\/fr\\\/wedding-dress\\\/biata\\\/#primaryimage\",\"url\":\"https:\\\/\\\/gbsherveparis.com\\\/wp-content\\\/uploads\\\/2022\\\/06\\\/GBS-Herve-Paris_The-Mystical-Collection_Biata_Afront_1_04_MG_1742-scaled.jpg\",\"contentUrl\":\"https:\\\/\\\/gbsherveparis.com\\\/wp-content\\\/uploads\\\/2022\\\/06\\\/GBS-Herve-Paris_The-Mystical-Collection_Biata_Afront_1_04_MG_1742-scaled.jpg\",\"width\":1829,\"height\":2560},{\"@type\":\"BreadcrumbList\",\"@id\":\"https:\\\/\\\/gbsherveparis.com\\\/fr\\\/wedding-dress\\\/biata\\\/#breadcrumb\",\"itemListElement\":[{\"@type\":\"ListItem\",\"position\":1,\"name\":\"Home\",\"item\":\"https:\\\/\\\/gbsherveparis.com\\\/\"},{\"@type\":\"ListItem\",\"position\":2,\"name\":\"Collections\",\"item\":\"https:\\\/\\\/gbsherveparis.com\\\/collections\\\/\"},{\"@type\":\"ListItem\",\"position\":3,\"name\":\"Biata\"}]},{\"@type\":\"WebSite\",\"@id\":\"https:\\\/\\\/gbsherveparis.com\\\/#website\",\"url\":\"https:\\\/\\\/gbsherveparis.com\\\/\",\"name\":\"GBS Herve Paris\",\"description\":\"The Libre Collection is out now!\",\"publisher\":{\"@id\":\"https:\\\/\\\/gbsherveparis.com\\\/#organization\"},\"potentialAction\":[{\"@type\":\"SearchAction\",\"target\":{\"@type\":\"EntryPoint\",\"urlTemplate\":\"https:\\\/\\\/gbsherveparis.com\\\/?s={search_term_string}\"},\"query-input\":{\"@type\":\"PropertyValueSpecification\",\"valueRequired\":true,\"valueName\":\"search_term_string\"}}],\"inLanguage\":\"de\"},{\"@type\":\"Organization\",\"@id\":\"https:\\\/\\\/gbsherveparis.com\\\/#organization\",\"name\":\"GBS Herve Paris\",\"url\":\"https:\\\/\\\/gbsherveparis.com\\\/\",\"logo\":{\"@type\":\"ImageObject\",\"inLanguage\":\"de\",\"@id\":\"https:\\\/\\\/gbsherveparis.com\\\/#\\\/schema\\\/logo\\\/image\\\/\",\"url\":\"https:\\\/\\\/gbsherveparis.com\\\/wp-content\\\/uploads\\\/2023\\\/11\\\/cropped-GBS-Herve-Paris-logo.png\",\"contentUrl\":\"https:\\\/\\\/gbsherveparis.com\\\/wp-content\\\/uploads\\\/2023\\\/11\\\/cropped-GBS-Herve-Paris-logo.png\",\"width\":350,\"height\":100,\"caption\":\"GBS Herve Paris\"},\"image\":{\"@id\":\"https:\\\/\\\/gbsherveparis.com\\\/#\\\/schema\\\/logo\\\/image\\\/\"}}]}<\/script>\n<!-- \/ Yoast SEO plugin. -->","yoast_head_json":{"title":"Biata - GBS Herve Paris","robots":{"index":"index","follow":"follow","max-snippet":"max-snippet:-1","max-image-preview":"max-image-preview:large","max-video-preview":"max-video-preview:-1"},"canonical":"https:\/\/gbsherveparis.com\/de\/fr\/wedding-dress\/biata\/","og_locale":"de_DE","og_type":"article","og_title":"Biata - GBS Herve Paris","og_description":"Confident, dreamy and romantic. Introducing the BIATA gown designed for the bohemian bride. This gown\u2019s best highlight is the statement bell sleeves in the finest French lace. Paired with a classic chiffon skirt, the silhouette of the BIATA allows the fun yet elegance lace sleeves do all the talking.  This dress is also available with a plain chiffon skirt: Biata A This dress is also available with capsleeves: Biata C This dress is also available with capsleeves and a plain chiffon skirt: Biata CA  This Biata dress and the Biata C are available in the colours: Cappuccino\/Cappuccino Ivory\/Ivory  The Biata A dress and the Biata CA dress&nbsp;are available in the colours: Ivory\/Cappuccino Ivory\/Ivory    Share it, Like it, Love it!  &nbsp;","og_url":"https:\/\/gbsherveparis.com\/de\/fr\/wedding-dress\/biata\/","og_site_name":"GBS Herve Paris","article_modified_time":"2024-04-02T12:13:28+00:00","og_image":[{"width":1829,"height":2560,"url":"https:\/\/gbsherveparis.com\/wp-content\/uploads\/2022\/06\/GBS-Herve-Paris_The-Mystical-Collection_Biata_Afront_1_04_MG_1742-scaled.jpg","type":"image\/jpeg"}],"twitter_card":"summary_large_image","schema":{"@context":"https:\/\/schema.org","@graph":[{"@type":"WebPage","@id":"https:\/\/gbsherveparis.com\/fr\/wedding-dress\/biata\/","url":"https:\/\/gbsherveparis.com\/fr\/wedding-dress\/biata\/","name":"Biata - GBS Herve Paris","isPartOf":{"@id":"https:\/\/gbsherveparis.com\/#website"},"primaryImageOfPage":{"@id":"https:\/\/gbsherveparis.com\/fr\/wedding-dress\/biata\/#primaryimage"},"image":{"@id":"https:\/\/gbsherveparis.com\/fr\/wedding-dress\/biata\/#primaryimage"},"thumbnailUrl":"https:\/\/gbsherveparis.com\/wp-content\/uploads\/2022\/06\/GBS-Herve-Paris_The-Mystical-Collection_Biata_Afront_1_04_MG_1742-scaled.jpg","datePublished":"2022-06-01T11:34:15+00:00","dateModified":"2024-04-02T12:13:28+00:00","breadcrumb":{"@id":"https:\/\/gbsherveparis.com\/fr\/wedding-dress\/biata\/#breadcrumb"},"inLanguage":"de","potentialAction":[{"@type":"ReadAction","target":["https:\/\/gbsherveparis.com\/fr\/wedding-dress\/biata\/"]}]},{"@type":"ImageObject","inLanguage":"de","@id":"https:\/\/gbsherveparis.com\/fr\/wedding-dress\/biata\/#primaryimage","url":"https:\/\/gbsherveparis.com\/wp-content\/uploads\/2022\/06\/GBS-Herve-Paris_The-Mystical-Collection_Biata_Afront_1_04_MG_1742-scaled.jpg","contentUrl":"https:\/\/gbsherveparis.com\/wp-content\/uploads\/2022\/06\/GBS-Herve-Paris_The-Mystical-Collection_Biata_Afront_1_04_MG_1742-scaled.jpg","width":1829,"height":2560},{"@type":"BreadcrumbList","@id":"https:\/\/gbsherveparis.com\/fr\/wedding-dress\/biata\/#breadcrumb","itemListElement":[{"@type":"ListItem","position":1,"name":"Home","item":"https:\/\/gbsherveparis.com\/"},{"@type":"ListItem","position":2,"name":"Collections","item":"https:\/\/gbsherveparis.com\/collections\/"},{"@type":"ListItem","position":3,"name":"Biata"}]},{"@type":"WebSite","@id":"https:\/\/gbsherveparis.com\/#website","url":"https:\/\/gbsherveparis.com\/","name":"GBS Herve Paris","description":"Die Libre Collection ist jetzt erh\u00e4ltlich!","publisher":{"@id":"https:\/\/gbsherveparis.com\/#organization"},"potentialAction":[{"@type":"SearchAction","target":{"@type":"EntryPoint","urlTemplate":"https:\/\/gbsherveparis.com\/?s={search_term_string}"},"query-input":{"@type":"PropertyValueSpecification","valueRequired":true,"valueName":"search_term_string"}}],"inLanguage":"de"},{"@type":"Organization","@id":"https:\/\/gbsherveparis.com\/#organization","name":"GBS Herve Paris","url":"https:\/\/gbsherveparis.com\/","logo":{"@type":"ImageObject","inLanguage":"de","@id":"https:\/\/gbsherveparis.com\/#\/schema\/logo\/image\/","url":"https:\/\/gbsherveparis.com\/wp-content\/uploads\/2023\/11\/cropped-GBS-Herve-Paris-logo.png","contentUrl":"https:\/\/gbsherveparis.com\/wp-content\/uploads\/2023\/11\/cropped-GBS-Herve-Paris-logo.png","width":350,"height":100,"caption":"GBS Herve Paris"},"image":{"@id":"https:\/\/gbsherveparis.com\/#\/schema\/logo\/image\/"}}]}},"_links":{"self":[{"href":"https:\/\/gbsherveparis.com\/de\/wp-json\/wp\/v2\/product\/10093","targetHints":{"allow":["GET"]}}],"collection":[{"href":"https:\/\/gbsherveparis.com\/de\/wp-json\/wp\/v2\/product"}],"about":[{"href":"https:\/\/gbsherveparis.com\/de\/wp-json\/wp\/v2\/types\/product"}],"version-history":[{"count":4,"href":"https:\/\/gbsherveparis.com\/de\/wp-json\/wp\/v2\/product\/10093\/revisions"}],"predecessor-version":[{"id":10329,"href":"https:\/\/gbsherveparis.com\/de\/wp-json\/wp\/v2\/product\/10093\/revisions\/10329"}],"wp:featuredmedia":[{"embeddable":true,"href":"https:\/\/gbsherveparis.com\/de\/wp-json\/wp\/v2\/media\/10094"}],"wp:attachment":[{"href":"https:\/\/gbsherveparis.com\/de\/wp-json\/wp\/v2\/media?parent=10093"}],"wp:term":[{"taxonomy":"product_brand","embeddable":true,"href":"https:\/\/gbsherveparis.com\/de\/wp-json\/wp\/v2\/product_brand?post=10093"},{"taxonomy":"product_cat","embeddable":true,"href":"https:\/\/gbsherveparis.com\/de\/wp-json\/wp\/v2\/product_cat?post=10093"},{"taxonomy":"product_tag","embeddable":true,"href":"https:\/\/gbsherveparis.com\/de\/wp-json\/wp\/v2\/product_tag?post=10093"}],"curies":[{"name":"wp","href":"https:\/\/api.w.org\/{rel}","templated":true}]}}