{"id":10135,"date":"2022-06-01T13:13:12","date_gmt":"2022-06-01T13:13:12","guid":{"rendered":"http:\/\/www.gbsherveparis.com\/?post_type=product&#038;p=10135"},"modified":"2024-04-02T12:10:23","modified_gmt":"2024-04-02T12:10:23","slug":"bionda","status":"publish","type":"product","link":"https:\/\/gbsherveparis.com\/de\/wedding-dress\/bionda\/","title":{"rendered":"Bionda"},"content":{"rendered":"","protected":false},"excerpt":{"rendered":"<p>Verlieben Sie sich in BIONDA - eine neue Interpretation eines lang\u00e4rmeligen Kleides, das der kultigen \u00c4sthetik von GBS Herve Paris treu bleibt. Ihr modernes Mieder mit Spitzenapplikationen ist sorgf\u00e4ltig entworfen, um<br \/>\nbetonen die Vorz\u00fcge einer jeden Frau. Die zarten \u00c4rmelausschnitte<br \/>\nverk\u00f6rpert die Eleganz und Romantik eines m\u00e4rchenhaften Brautkleides.<\/p>\n<p>Dieses Kleid ist auch ohne \u00c4rmel erh\u00e4ltlich: Bionda Z<\/p>\n<p>Das Bionda-Kleid ist in den Farben erh\u00e4ltlich:<br \/>\nElfenbein\/Nackt<br \/>\nElfenbein\/Elfenbein<\/p>\n<p><iframe title=\"YouTube-Video-Player\" src=\"https:\/\/www.youtube.com\/embed\/2g6l3yPSvJo?controls=0\" width=\"560\" height=\"315\" frameborder=\"0\" allowfullscreen=\"allowfullscreen\"><\/iframe><\/p>\n<p><strong>Teile es, mag es, liebe es!<\/strong><br \/>\n&nbsp;<\/p>","protected":false},"featured_media":10136,"template":"","meta":{"_acf_changed":false,"site-sidebar-layout":"default","site-content-layout":"","ast-site-content-layout":"default","site-content-style":"default","site-sidebar-style":"default","ast-global-header-display":"","ast-banner-title-visibility":"","ast-main-header-display":"","ast-hfb-above-header-display":"","ast-hfb-below-header-display":"","ast-hfb-mobile-header-display":"","site-post-title":"","ast-breadcrumbs-content":"","ast-featured-img":"","footer-sml-layout":"","ast-disable-related-posts":"","theme-transparent-header-meta":"","adv-header-id-meta":"","stick-header-meta":"","header-above-stick-meta":"","header-main-stick-meta":"","header-below-stick-meta":"","astra-migrate-meta-layouts":"default","ast-page-background-enabled":"default","ast-page-background-meta":{"desktop":{"background-color":"var(--ast-global-color-5)","background-image":"","background-repeat":"repeat","background-position":"center center","background-size":"auto","background-attachment":"scroll","background-type":"","background-media":"","overlay-type":"","overlay-color":"","overlay-opacity":"","overlay-gradient":""},"tablet":{"background-color":"","background-image":"","background-repeat":"repeat","background-position":"center center","background-size":"auto","background-attachment":"scroll","background-type":"","background-media":"","overlay-type":"","overlay-color":"","overlay-opacity":"","overlay-gradient":""},"mobile":{"background-color":"","background-image":"","background-repeat":"repeat","background-position":"center center","background-size":"auto","background-attachment":"scroll","background-type":"","background-media":"","overlay-type":"","overlay-color":"","overlay-opacity":"","overlay-gradient":""}},"ast-content-background-meta":{"desktop":{"background-color":"var(--ast-global-color-4)","background-image":"","background-repeat":"repeat","background-position":"center center","background-size":"auto","background-attachment":"scroll","background-type":"","background-media":"","overlay-type":"","overlay-color":"","overlay-opacity":"","overlay-gradient":""},"tablet":{"background-color":"var(--ast-global-color-4)","background-image":"","background-repeat":"repeat","background-position":"center center","background-size":"auto","background-attachment":"scroll","background-type":"","background-media":"","overlay-type":"","overlay-color":"","overlay-opacity":"","overlay-gradient":""},"mobile":{"background-color":"var(--ast-global-color-4)","background-image":"","background-repeat":"repeat","background-position":"center center","background-size":"auto","background-attachment":"scroll","background-type":"","background-media":"","overlay-type":"","overlay-color":"","overlay-opacity":"","overlay-gradient":""}}},"product_brand":[],"product_cat":[81],"product_tag":[115],"class_list":{"0":"post-10135","1":"product","2":"type-product","3":"status-publish","4":"has-post-thumbnail","6":"product_cat-the-mystical-collection","7":"product_tag-a-line-silhouette","8":"desktop-align-left","9":"tablet-align-left","10":"mobile-align-left","12":"first","13":"instock","14":"shipping-taxable","15":"product-type-simple"},"acf":[],"yoast_head":"<!-- This site is optimized with the Yoast SEO plugin v27.5 - https:\/\/yoast.com\/product\/yoast-seo-wordpress\/ -->\n<title>Bionda - GBS Herve Paris<\/title>\n<meta name=\"robots\" content=\"index, follow, max-snippet:-1, max-image-preview:large, max-video-preview:-1\" \/>\n<link rel=\"canonical\" href=\"https:\/\/gbsherveparis.com\/de\/fr\/wedding-dress\/bionda\/\" \/>\n<meta property=\"og:locale\" content=\"de_DE\" \/>\n<meta property=\"og:type\" content=\"article\" \/>\n<meta property=\"og:title\" content=\"Bionda - GBS Herve Paris\" \/>\n<meta property=\"og:description\" content=\"Become smitten with BIONDA - A fresh take on a long sleeve gown, she remains true to the iconic GBS Herve Paris aesthetic. Her modern lace appliqu\u00e9 bodice is designed carefully to highlight every woman\u2019s best assets. The delicate sleeve detailing embodies elegance and romance of a wedding dress from a fairytale.  This dress is also available without sleeves: Bionda Z  The Bionda dress is available in the colours: Ivory\/Nude Ivory\/Ivory    Share it, Like it, Love it! &nbsp;\" \/>\n<meta property=\"og:url\" content=\"https:\/\/gbsherveparis.com\/de\/fr\/wedding-dress\/bionda\/\" \/>\n<meta property=\"og:site_name\" content=\"GBS Herve Paris\" \/>\n<meta property=\"article:modified_time\" content=\"2024-04-02T12:10:23+00:00\" \/>\n<meta property=\"og:image\" content=\"https:\/\/gbsherveparis.com\/wp-content\/uploads\/2022\/06\/GBS-Herve-Paris_The-Mystical-Collection_Bionda_Afront_1_04_MG_0022-scaled.jpg\" \/>\n\t<meta property=\"og:image:width\" content=\"1829\" \/>\n\t<meta property=\"og:image:height\" content=\"2560\" \/>\n\t<meta property=\"og:image:type\" content=\"image\/jpeg\" \/>\n<meta name=\"twitter:card\" content=\"summary_large_image\" \/>\n<script type=\"application\/ld+json\" class=\"yoast-schema-graph\">{\"@context\":\"https:\\\/\\\/schema.org\",\"@graph\":[{\"@type\":\"WebPage\",\"@id\":\"https:\\\/\\\/gbsherveparis.com\\\/fr\\\/wedding-dress\\\/bionda\\\/\",\"url\":\"https:\\\/\\\/gbsherveparis.com\\\/fr\\\/wedding-dress\\\/bionda\\\/\",\"name\":\"Bionda - GBS Herve Paris\",\"isPartOf\":{\"@id\":\"https:\\\/\\\/gbsherveparis.com\\\/#website\"},\"primaryImageOfPage\":{\"@id\":\"https:\\\/\\\/gbsherveparis.com\\\/fr\\\/wedding-dress\\\/bionda\\\/#primaryimage\"},\"image\":{\"@id\":\"https:\\\/\\\/gbsherveparis.com\\\/fr\\\/wedding-dress\\\/bionda\\\/#primaryimage\"},\"thumbnailUrl\":\"https:\\\/\\\/gbsherveparis.com\\\/wp-content\\\/uploads\\\/2022\\\/06\\\/GBS-Herve-Paris_The-Mystical-Collection_Bionda_Afront_1_04_MG_0022-scaled.jpg\",\"datePublished\":\"2022-06-01T13:13:12+00:00\",\"dateModified\":\"2024-04-02T12:10:23+00:00\",\"breadcrumb\":{\"@id\":\"https:\\\/\\\/gbsherveparis.com\\\/fr\\\/wedding-dress\\\/bionda\\\/#breadcrumb\"},\"inLanguage\":\"de\",\"potentialAction\":[{\"@type\":\"ReadAction\",\"target\":[\"https:\\\/\\\/gbsherveparis.com\\\/fr\\\/wedding-dress\\\/bionda\\\/\"]}]},{\"@type\":\"ImageObject\",\"inLanguage\":\"de\",\"@id\":\"https:\\\/\\\/gbsherveparis.com\\\/fr\\\/wedding-dress\\\/bionda\\\/#primaryimage\",\"url\":\"https:\\\/\\\/gbsherveparis.com\\\/wp-content\\\/uploads\\\/2022\\\/06\\\/GBS-Herve-Paris_The-Mystical-Collection_Bionda_Afront_1_04_MG_0022-scaled.jpg\",\"contentUrl\":\"https:\\\/\\\/gbsherveparis.com\\\/wp-content\\\/uploads\\\/2022\\\/06\\\/GBS-Herve-Paris_The-Mystical-Collection_Bionda_Afront_1_04_MG_0022-scaled.jpg\",\"width\":1829,\"height\":2560},{\"@type\":\"BreadcrumbList\",\"@id\":\"https:\\\/\\\/gbsherveparis.com\\\/fr\\\/wedding-dress\\\/bionda\\\/#breadcrumb\",\"itemListElement\":[{\"@type\":\"ListItem\",\"position\":1,\"name\":\"Home\",\"item\":\"https:\\\/\\\/gbsherveparis.com\\\/\"},{\"@type\":\"ListItem\",\"position\":2,\"name\":\"Collections\",\"item\":\"https:\\\/\\\/gbsherveparis.com\\\/collections\\\/\"},{\"@type\":\"ListItem\",\"position\":3,\"name\":\"Bionda\"}]},{\"@type\":\"WebSite\",\"@id\":\"https:\\\/\\\/gbsherveparis.com\\\/#website\",\"url\":\"https:\\\/\\\/gbsherveparis.com\\\/\",\"name\":\"GBS Herve Paris\",\"description\":\"The Libre Collection is out now!\",\"publisher\":{\"@id\":\"https:\\\/\\\/gbsherveparis.com\\\/#organization\"},\"potentialAction\":[{\"@type\":\"SearchAction\",\"target\":{\"@type\":\"EntryPoint\",\"urlTemplate\":\"https:\\\/\\\/gbsherveparis.com\\\/?s={search_term_string}\"},\"query-input\":{\"@type\":\"PropertyValueSpecification\",\"valueRequired\":true,\"valueName\":\"search_term_string\"}}],\"inLanguage\":\"de\"},{\"@type\":\"Organization\",\"@id\":\"https:\\\/\\\/gbsherveparis.com\\\/#organization\",\"name\":\"GBS Herve Paris\",\"url\":\"https:\\\/\\\/gbsherveparis.com\\\/\",\"logo\":{\"@type\":\"ImageObject\",\"inLanguage\":\"de\",\"@id\":\"https:\\\/\\\/gbsherveparis.com\\\/#\\\/schema\\\/logo\\\/image\\\/\",\"url\":\"https:\\\/\\\/gbsherveparis.com\\\/wp-content\\\/uploads\\\/2023\\\/11\\\/cropped-GBS-Herve-Paris-logo.png\",\"contentUrl\":\"https:\\\/\\\/gbsherveparis.com\\\/wp-content\\\/uploads\\\/2023\\\/11\\\/cropped-GBS-Herve-Paris-logo.png\",\"width\":350,\"height\":100,\"caption\":\"GBS Herve Paris\"},\"image\":{\"@id\":\"https:\\\/\\\/gbsherveparis.com\\\/#\\\/schema\\\/logo\\\/image\\\/\"}}]}<\/script>\n<!-- \/ Yoast SEO plugin. -->","yoast_head_json":{"title":"Bionda - GBS Herve Paris","robots":{"index":"index","follow":"follow","max-snippet":"max-snippet:-1","max-image-preview":"max-image-preview:large","max-video-preview":"max-video-preview:-1"},"canonical":"https:\/\/gbsherveparis.com\/de\/fr\/wedding-dress\/bionda\/","og_locale":"de_DE","og_type":"article","og_title":"Bionda - GBS Herve Paris","og_description":"Become smitten with BIONDA - A fresh take on a long sleeve gown, she remains true to the iconic GBS Herve Paris aesthetic. Her modern lace appliqu\u00e9 bodice is designed carefully to highlight every woman\u2019s best assets. The delicate sleeve detailing embodies elegance and romance of a wedding dress from a fairytale.  This dress is also available without sleeves: Bionda Z  The Bionda dress is available in the colours: Ivory\/Nude Ivory\/Ivory    Share it, Like it, Love it! &nbsp;","og_url":"https:\/\/gbsherveparis.com\/de\/fr\/wedding-dress\/bionda\/","og_site_name":"GBS Herve Paris","article_modified_time":"2024-04-02T12:10:23+00:00","og_image":[{"width":1829,"height":2560,"url":"https:\/\/gbsherveparis.com\/wp-content\/uploads\/2022\/06\/GBS-Herve-Paris_The-Mystical-Collection_Bionda_Afront_1_04_MG_0022-scaled.jpg","type":"image\/jpeg"}],"twitter_card":"summary_large_image","schema":{"@context":"https:\/\/schema.org","@graph":[{"@type":"WebPage","@id":"https:\/\/gbsherveparis.com\/fr\/wedding-dress\/bionda\/","url":"https:\/\/gbsherveparis.com\/fr\/wedding-dress\/bionda\/","name":"Bionda - GBS Herve Paris","isPartOf":{"@id":"https:\/\/gbsherveparis.com\/#website"},"primaryImageOfPage":{"@id":"https:\/\/gbsherveparis.com\/fr\/wedding-dress\/bionda\/#primaryimage"},"image":{"@id":"https:\/\/gbsherveparis.com\/fr\/wedding-dress\/bionda\/#primaryimage"},"thumbnailUrl":"https:\/\/gbsherveparis.com\/wp-content\/uploads\/2022\/06\/GBS-Herve-Paris_The-Mystical-Collection_Bionda_Afront_1_04_MG_0022-scaled.jpg","datePublished":"2022-06-01T13:13:12+00:00","dateModified":"2024-04-02T12:10:23+00:00","breadcrumb":{"@id":"https:\/\/gbsherveparis.com\/fr\/wedding-dress\/bionda\/#breadcrumb"},"inLanguage":"de","potentialAction":[{"@type":"ReadAction","target":["https:\/\/gbsherveparis.com\/fr\/wedding-dress\/bionda\/"]}]},{"@type":"ImageObject","inLanguage":"de","@id":"https:\/\/gbsherveparis.com\/fr\/wedding-dress\/bionda\/#primaryimage","url":"https:\/\/gbsherveparis.com\/wp-content\/uploads\/2022\/06\/GBS-Herve-Paris_The-Mystical-Collection_Bionda_Afront_1_04_MG_0022-scaled.jpg","contentUrl":"https:\/\/gbsherveparis.com\/wp-content\/uploads\/2022\/06\/GBS-Herve-Paris_The-Mystical-Collection_Bionda_Afront_1_04_MG_0022-scaled.jpg","width":1829,"height":2560},{"@type":"BreadcrumbList","@id":"https:\/\/gbsherveparis.com\/fr\/wedding-dress\/bionda\/#breadcrumb","itemListElement":[{"@type":"ListItem","position":1,"name":"Home","item":"https:\/\/gbsherveparis.com\/"},{"@type":"ListItem","position":2,"name":"Collections","item":"https:\/\/gbsherveparis.com\/collections\/"},{"@type":"ListItem","position":3,"name":"Bionda"}]},{"@type":"WebSite","@id":"https:\/\/gbsherveparis.com\/#website","url":"https:\/\/gbsherveparis.com\/","name":"GBS Herve Paris","description":"Die Libre Collection ist jetzt erh\u00e4ltlich!","publisher":{"@id":"https:\/\/gbsherveparis.com\/#organization"},"potentialAction":[{"@type":"SearchAction","target":{"@type":"EntryPoint","urlTemplate":"https:\/\/gbsherveparis.com\/?s={search_term_string}"},"query-input":{"@type":"PropertyValueSpecification","valueRequired":true,"valueName":"search_term_string"}}],"inLanguage":"de"},{"@type":"Organization","@id":"https:\/\/gbsherveparis.com\/#organization","name":"GBS Herve Paris","url":"https:\/\/gbsherveparis.com\/","logo":{"@type":"ImageObject","inLanguage":"de","@id":"https:\/\/gbsherveparis.com\/#\/schema\/logo\/image\/","url":"https:\/\/gbsherveparis.com\/wp-content\/uploads\/2023\/11\/cropped-GBS-Herve-Paris-logo.png","contentUrl":"https:\/\/gbsherveparis.com\/wp-content\/uploads\/2023\/11\/cropped-GBS-Herve-Paris-logo.png","width":350,"height":100,"caption":"GBS Herve Paris"},"image":{"@id":"https:\/\/gbsherveparis.com\/#\/schema\/logo\/image\/"}}]}},"_links":{"self":[{"href":"https:\/\/gbsherveparis.com\/de\/wp-json\/wp\/v2\/product\/10135","targetHints":{"allow":["GET"]}}],"collection":[{"href":"https:\/\/gbsherveparis.com\/de\/wp-json\/wp\/v2\/product"}],"about":[{"href":"https:\/\/gbsherveparis.com\/de\/wp-json\/wp\/v2\/types\/product"}],"version-history":[{"count":6,"href":"https:\/\/gbsherveparis.com\/de\/wp-json\/wp\/v2\/product\/10135\/revisions"}],"predecessor-version":[{"id":10324,"href":"https:\/\/gbsherveparis.com\/de\/wp-json\/wp\/v2\/product\/10135\/revisions\/10324"}],"wp:featuredmedia":[{"embeddable":true,"href":"https:\/\/gbsherveparis.com\/de\/wp-json\/wp\/v2\/media\/10136"}],"wp:attachment":[{"href":"https:\/\/gbsherveparis.com\/de\/wp-json\/wp\/v2\/media?parent=10135"}],"wp:term":[{"taxonomy":"product_brand","embeddable":true,"href":"https:\/\/gbsherveparis.com\/de\/wp-json\/wp\/v2\/product_brand?post=10135"},{"taxonomy":"product_cat","embeddable":true,"href":"https:\/\/gbsherveparis.com\/de\/wp-json\/wp\/v2\/product_cat?post=10135"},{"taxonomy":"product_tag","embeddable":true,"href":"https:\/\/gbsherveparis.com\/de\/wp-json\/wp\/v2\/product_tag?post=10135"}],"curies":[{"name":"wp","href":"https:\/\/api.w.org\/{rel}","templated":true}]}}