{"id":12701,"date":"2024-03-05T11:29:35","date_gmt":"2024-03-05T11:29:35","guid":{"rendered":"https:\/\/www.gbsherveparis.com\/?post_type=product&#038;p=12701"},"modified":"2024-06-20T11:34:57","modified_gmt":"2024-06-20T11:34:57","slug":"lior-a","status":"publish","type":"product","link":"https:\/\/gbsherveparis.com\/de\/wedding-dress\/lior-a\/","title":{"rendered":"Lior-A"},"content":{"rendered":"","protected":false},"excerpt":{"rendered":"<p>Lior-A verk\u00f6rpert mit seiner bezaubernden A-Linien-Silhouette den Geist der abenteuerlustigen Braut. Ein tiefer V-Ausschnitt, der von einem exquisiten Mieder aus Illusionsspitze erg\u00e4nzt wird, unterstreicht Ihre Sch\u00f6nheit. Der luftige Chiffon-Rock macht es zur idealen Wahl f\u00fcr eine Hochzeitsfeier im Freien.<\/p>\n<p>&nbsp;<\/p>\n<p><iframe title=\"Kollektion Libre - Lior A - GBS Herve Paris\" src=\"https:\/\/www.youtube.com\/embed\/N47g9Ou59Go\" width=\"464\" height=\"825\" frameborder=\"0\" allowfullscreen=\"allowfullscreen\"><\/iframe><\/p>","protected":false},"featured_media":12702,"template":"","meta":{"_acf_changed":false,"site-sidebar-layout":"default","site-content-layout":"","ast-site-content-layout":"default","site-content-style":"default","site-sidebar-style":"default","ast-global-header-display":"","ast-banner-title-visibility":"","ast-main-header-display":"","ast-hfb-above-header-display":"","ast-hfb-below-header-display":"","ast-hfb-mobile-header-display":"","site-post-title":"","ast-breadcrumbs-content":"","ast-featured-img":"","footer-sml-layout":"","ast-disable-related-posts":"","theme-transparent-header-meta":"","adv-header-id-meta":"","stick-header-meta":"","header-above-stick-meta":"","header-main-stick-meta":"","header-below-stick-meta":"","astra-migrate-meta-layouts":"default","ast-page-background-enabled":"default","ast-page-background-meta":{"desktop":{"background-color":"var(--ast-global-color-5)","background-image":"","background-repeat":"repeat","background-position":"center center","background-size":"auto","background-attachment":"scroll","background-type":"","background-media":"","overlay-type":"","overlay-color":"","overlay-opacity":"","overlay-gradient":""},"tablet":{"background-color":"","background-image":"","background-repeat":"repeat","background-position":"center center","background-size":"auto","background-attachment":"scroll","background-type":"","background-media":"","overlay-type":"","overlay-color":"","overlay-opacity":"","overlay-gradient":""},"mobile":{"background-color":"","background-image":"","background-repeat":"repeat","background-position":"center center","background-size":"auto","background-attachment":"scroll","background-type":"","background-media":"","overlay-type":"","overlay-color":"","overlay-opacity":"","overlay-gradient":""}},"ast-content-background-meta":{"desktop":{"background-color":"var(--ast-global-color-4)","background-image":"","background-repeat":"repeat","background-position":"center center","background-size":"auto","background-attachment":"scroll","background-type":"","background-media":"","overlay-type":"","overlay-color":"","overlay-opacity":"","overlay-gradient":""},"tablet":{"background-color":"var(--ast-global-color-4)","background-image":"","background-repeat":"repeat","background-position":"center center","background-size":"auto","background-attachment":"scroll","background-type":"","background-media":"","overlay-type":"","overlay-color":"","overlay-opacity":"","overlay-gradient":""},"mobile":{"background-color":"var(--ast-global-color-4)","background-image":"","background-repeat":"repeat","background-position":"center center","background-size":"auto","background-attachment":"scroll","background-type":"","background-media":"","overlay-type":"","overlay-color":"","overlay-opacity":"","overlay-gradient":""}}},"product_brand":[],"product_cat":[112],"product_tag":[115,120,123],"class_list":{"0":"post-12701","1":"product","2":"type-product","3":"status-publish","4":"has-post-thumbnail","6":"product_cat-libre-collection","7":"product_tag-a-line-silhouette","8":"product_tag-lace-wedding-dresses","9":"product_tag-tulle-wedding-dresses","10":"desktop-align-left","11":"tablet-align-left","12":"mobile-align-left","14":"first","15":"instock","16":"shipping-taxable","17":"product-type-simple"},"acf":[],"yoast_head":"<!-- This site is optimized with the Yoast SEO plugin v27.5 - https:\/\/yoast.com\/product\/yoast-seo-wordpress\/ -->\n<title>Lior-A - GBS Herve Paris<\/title>\n<meta name=\"robots\" content=\"index, follow, max-snippet:-1, max-image-preview:large, max-video-preview:-1\" \/>\n<link rel=\"canonical\" href=\"https:\/\/gbsherveparis.com\/de\/fr\/wedding-dress\/lior-a\/\" \/>\n<meta property=\"og:locale\" content=\"de_DE\" \/>\n<meta property=\"og:type\" content=\"article\" \/>\n<meta property=\"og:title\" content=\"Lior-A - GBS Herve Paris\" \/>\n<meta property=\"og:description\" content=\"Lior-A embodies the spirit of the adventurous bride with its enchanting A-line silhouette. Highlighting your beauty is a deep V-neckline complemented by an exquisite illusion lace bodice. The airy chiffon skirt makes it an ideal choice for an outdoor wedding celebration.  &nbsp;\" \/>\n<meta property=\"og:url\" content=\"https:\/\/gbsherveparis.com\/de\/fr\/wedding-dress\/lior-a\/\" \/>\n<meta property=\"og:site_name\" content=\"GBS Herve Paris\" \/>\n<meta property=\"article:modified_time\" content=\"2024-06-20T11:34:57+00:00\" \/>\n<meta property=\"og:image\" content=\"https:\/\/gbsherveparis.com\/wp-content\/uploads\/2024\/03\/Libre-Collection-Lior-A-Afront-d2_3334-scaled.jpg\" \/>\n\t<meta property=\"og:image:width\" content=\"1829\" \/>\n\t<meta property=\"og:image:height\" content=\"2560\" \/>\n\t<meta property=\"og:image:type\" content=\"image\/jpeg\" \/>\n<meta name=\"twitter:card\" content=\"summary_large_image\" \/>\n<script type=\"application\/ld+json\" class=\"yoast-schema-graph\">{\"@context\":\"https:\\\/\\\/schema.org\",\"@graph\":[{\"@type\":\"WebPage\",\"@id\":\"https:\\\/\\\/gbsherveparis.com\\\/fr\\\/wedding-dress\\\/lior-a\\\/\",\"url\":\"https:\\\/\\\/gbsherveparis.com\\\/fr\\\/wedding-dress\\\/lior-a\\\/\",\"name\":\"Lior-A - GBS Herve Paris\",\"isPartOf\":{\"@id\":\"https:\\\/\\\/gbsherveparis.com\\\/#website\"},\"primaryImageOfPage\":{\"@id\":\"https:\\\/\\\/gbsherveparis.com\\\/fr\\\/wedding-dress\\\/lior-a\\\/#primaryimage\"},\"image\":{\"@id\":\"https:\\\/\\\/gbsherveparis.com\\\/fr\\\/wedding-dress\\\/lior-a\\\/#primaryimage\"},\"thumbnailUrl\":\"https:\\\/\\\/gbsherveparis.com\\\/wp-content\\\/uploads\\\/2024\\\/03\\\/Libre-Collection-Lior-A-Afront-d2_3334-scaled.jpg\",\"datePublished\":\"2024-03-05T11:29:35+00:00\",\"dateModified\":\"2024-06-20T11:34:57+00:00\",\"breadcrumb\":{\"@id\":\"https:\\\/\\\/gbsherveparis.com\\\/fr\\\/wedding-dress\\\/lior-a\\\/#breadcrumb\"},\"inLanguage\":\"de\",\"potentialAction\":[{\"@type\":\"ReadAction\",\"target\":[\"https:\\\/\\\/gbsherveparis.com\\\/fr\\\/wedding-dress\\\/lior-a\\\/\"]}]},{\"@type\":\"ImageObject\",\"inLanguage\":\"de\",\"@id\":\"https:\\\/\\\/gbsherveparis.com\\\/fr\\\/wedding-dress\\\/lior-a\\\/#primaryimage\",\"url\":\"https:\\\/\\\/gbsherveparis.com\\\/wp-content\\\/uploads\\\/2024\\\/03\\\/Libre-Collection-Lior-A-Afront-d2_3334-scaled.jpg\",\"contentUrl\":\"https:\\\/\\\/gbsherveparis.com\\\/wp-content\\\/uploads\\\/2024\\\/03\\\/Libre-Collection-Lior-A-Afront-d2_3334-scaled.jpg\",\"width\":1829,\"height\":2560,\"caption\":\"GBS Herve Paris wedding dress Lior-A - Libre Collection\"},{\"@type\":\"BreadcrumbList\",\"@id\":\"https:\\\/\\\/gbsherveparis.com\\\/fr\\\/wedding-dress\\\/lior-a\\\/#breadcrumb\",\"itemListElement\":[{\"@type\":\"ListItem\",\"position\":1,\"name\":\"Home\",\"item\":\"https:\\\/\\\/gbsherveparis.com\\\/\"},{\"@type\":\"ListItem\",\"position\":2,\"name\":\"Collections\",\"item\":\"https:\\\/\\\/gbsherveparis.com\\\/collections\\\/\"},{\"@type\":\"ListItem\",\"position\":3,\"name\":\"Lior-A\"}]},{\"@type\":\"WebSite\",\"@id\":\"https:\\\/\\\/gbsherveparis.com\\\/#website\",\"url\":\"https:\\\/\\\/gbsherveparis.com\\\/\",\"name\":\"GBS Herve Paris\",\"description\":\"The Libre Collection is out now!\",\"publisher\":{\"@id\":\"https:\\\/\\\/gbsherveparis.com\\\/#organization\"},\"potentialAction\":[{\"@type\":\"SearchAction\",\"target\":{\"@type\":\"EntryPoint\",\"urlTemplate\":\"https:\\\/\\\/gbsherveparis.com\\\/?s={search_term_string}\"},\"query-input\":{\"@type\":\"PropertyValueSpecification\",\"valueRequired\":true,\"valueName\":\"search_term_string\"}}],\"inLanguage\":\"de\"},{\"@type\":\"Organization\",\"@id\":\"https:\\\/\\\/gbsherveparis.com\\\/#organization\",\"name\":\"GBS Herve Paris\",\"url\":\"https:\\\/\\\/gbsherveparis.com\\\/\",\"logo\":{\"@type\":\"ImageObject\",\"inLanguage\":\"de\",\"@id\":\"https:\\\/\\\/gbsherveparis.com\\\/#\\\/schema\\\/logo\\\/image\\\/\",\"url\":\"https:\\\/\\\/gbsherveparis.com\\\/wp-content\\\/uploads\\\/2023\\\/11\\\/cropped-GBS-Herve-Paris-logo.png\",\"contentUrl\":\"https:\\\/\\\/gbsherveparis.com\\\/wp-content\\\/uploads\\\/2023\\\/11\\\/cropped-GBS-Herve-Paris-logo.png\",\"width\":350,\"height\":100,\"caption\":\"GBS Herve Paris\"},\"image\":{\"@id\":\"https:\\\/\\\/gbsherveparis.com\\\/#\\\/schema\\\/logo\\\/image\\\/\"}}]}<\/script>\n<!-- \/ Yoast SEO plugin. -->","yoast_head_json":{"title":"Lior-A - GBS Herve Paris","robots":{"index":"index","follow":"follow","max-snippet":"max-snippet:-1","max-image-preview":"max-image-preview:large","max-video-preview":"max-video-preview:-1"},"canonical":"https:\/\/gbsherveparis.com\/de\/fr\/wedding-dress\/lior-a\/","og_locale":"de_DE","og_type":"article","og_title":"Lior-A - GBS Herve Paris","og_description":"Lior-A embodies the spirit of the adventurous bride with its enchanting A-line silhouette. Highlighting your beauty is a deep V-neckline complemented by an exquisite illusion lace bodice. The airy chiffon skirt makes it an ideal choice for an outdoor wedding celebration.  &nbsp;","og_url":"https:\/\/gbsherveparis.com\/de\/fr\/wedding-dress\/lior-a\/","og_site_name":"GBS Herve Paris","article_modified_time":"2024-06-20T11:34:57+00:00","og_image":[{"width":1829,"height":2560,"url":"https:\/\/gbsherveparis.com\/wp-content\/uploads\/2024\/03\/Libre-Collection-Lior-A-Afront-d2_3334-scaled.jpg","type":"image\/jpeg"}],"twitter_card":"summary_large_image","schema":{"@context":"https:\/\/schema.org","@graph":[{"@type":"WebPage","@id":"https:\/\/gbsherveparis.com\/fr\/wedding-dress\/lior-a\/","url":"https:\/\/gbsherveparis.com\/fr\/wedding-dress\/lior-a\/","name":"Lior-A - GBS Herve Paris","isPartOf":{"@id":"https:\/\/gbsherveparis.com\/#website"},"primaryImageOfPage":{"@id":"https:\/\/gbsherveparis.com\/fr\/wedding-dress\/lior-a\/#primaryimage"},"image":{"@id":"https:\/\/gbsherveparis.com\/fr\/wedding-dress\/lior-a\/#primaryimage"},"thumbnailUrl":"https:\/\/gbsherveparis.com\/wp-content\/uploads\/2024\/03\/Libre-Collection-Lior-A-Afront-d2_3334-scaled.jpg","datePublished":"2024-03-05T11:29:35+00:00","dateModified":"2024-06-20T11:34:57+00:00","breadcrumb":{"@id":"https:\/\/gbsherveparis.com\/fr\/wedding-dress\/lior-a\/#breadcrumb"},"inLanguage":"de","potentialAction":[{"@type":"ReadAction","target":["https:\/\/gbsherveparis.com\/fr\/wedding-dress\/lior-a\/"]}]},{"@type":"ImageObject","inLanguage":"de","@id":"https:\/\/gbsherveparis.com\/fr\/wedding-dress\/lior-a\/#primaryimage","url":"https:\/\/gbsherveparis.com\/wp-content\/uploads\/2024\/03\/Libre-Collection-Lior-A-Afront-d2_3334-scaled.jpg","contentUrl":"https:\/\/gbsherveparis.com\/wp-content\/uploads\/2024\/03\/Libre-Collection-Lior-A-Afront-d2_3334-scaled.jpg","width":1829,"height":2560,"caption":"GBS Herve Paris wedding dress Lior-A - Libre Collection"},{"@type":"BreadcrumbList","@id":"https:\/\/gbsherveparis.com\/fr\/wedding-dress\/lior-a\/#breadcrumb","itemListElement":[{"@type":"ListItem","position":1,"name":"Home","item":"https:\/\/gbsherveparis.com\/"},{"@type":"ListItem","position":2,"name":"Collections","item":"https:\/\/gbsherveparis.com\/collections\/"},{"@type":"ListItem","position":3,"name":"Lior-A"}]},{"@type":"WebSite","@id":"https:\/\/gbsherveparis.com\/#website","url":"https:\/\/gbsherveparis.com\/","name":"GBS Herve Paris","description":"Die Libre Collection ist jetzt erh\u00e4ltlich!","publisher":{"@id":"https:\/\/gbsherveparis.com\/#organization"},"potentialAction":[{"@type":"SearchAction","target":{"@type":"EntryPoint","urlTemplate":"https:\/\/gbsherveparis.com\/?s={search_term_string}"},"query-input":{"@type":"PropertyValueSpecification","valueRequired":true,"valueName":"search_term_string"}}],"inLanguage":"de"},{"@type":"Organization","@id":"https:\/\/gbsherveparis.com\/#organization","name":"GBS Herve Paris","url":"https:\/\/gbsherveparis.com\/","logo":{"@type":"ImageObject","inLanguage":"de","@id":"https:\/\/gbsherveparis.com\/#\/schema\/logo\/image\/","url":"https:\/\/gbsherveparis.com\/wp-content\/uploads\/2023\/11\/cropped-GBS-Herve-Paris-logo.png","contentUrl":"https:\/\/gbsherveparis.com\/wp-content\/uploads\/2023\/11\/cropped-GBS-Herve-Paris-logo.png","width":350,"height":100,"caption":"GBS Herve Paris"},"image":{"@id":"https:\/\/gbsherveparis.com\/#\/schema\/logo\/image\/"}}]}},"_links":{"self":[{"href":"https:\/\/gbsherveparis.com\/de\/wp-json\/wp\/v2\/product\/12701","targetHints":{"allow":["GET"]}}],"collection":[{"href":"https:\/\/gbsherveparis.com\/de\/wp-json\/wp\/v2\/product"}],"about":[{"href":"https:\/\/gbsherveparis.com\/de\/wp-json\/wp\/v2\/types\/product"}],"version-history":[{"count":3,"href":"https:\/\/gbsherveparis.com\/de\/wp-json\/wp\/v2\/product\/12701\/revisions"}],"predecessor-version":[{"id":13287,"href":"https:\/\/gbsherveparis.com\/de\/wp-json\/wp\/v2\/product\/12701\/revisions\/13287"}],"wp:featuredmedia":[{"embeddable":true,"href":"https:\/\/gbsherveparis.com\/de\/wp-json\/wp\/v2\/media\/12702"}],"wp:attachment":[{"href":"https:\/\/gbsherveparis.com\/de\/wp-json\/wp\/v2\/media?parent=12701"}],"wp:term":[{"taxonomy":"product_brand","embeddable":true,"href":"https:\/\/gbsherveparis.com\/de\/wp-json\/wp\/v2\/product_brand?post=12701"},{"taxonomy":"product_cat","embeddable":true,"href":"https:\/\/gbsherveparis.com\/de\/wp-json\/wp\/v2\/product_cat?post=12701"},{"taxonomy":"product_tag","embeddable":true,"href":"https:\/\/gbsherveparis.com\/de\/wp-json\/wp\/v2\/product_tag?post=12701"}],"curies":[{"name":"wp","href":"https:\/\/api.w.org\/{rel}","templated":true}]}}