{"id":15422,"date":"2025-04-07T09:04:48","date_gmt":"2025-04-07T09:04:48","guid":{"rendered":"https:\/\/www.gbsherveparis.com\/?post_type=product&#038;p=15422"},"modified":"2025-04-29T07:41:51","modified_gmt":"2025-04-29T07:41:51","slug":"noah-skirt","status":"publish","type":"product","link":"https:\/\/gbsherveparis.com\/de\/wedding-dress\/noah-skirt\/","title":{"rendered":"Noah-Rock"},"content":{"rendered":"","protected":false},"excerpt":{"rendered":"<p><span class=\"TextRun SCXW241058271 BCX8\" lang=\"EN-US\" xml:lang=\"EN-US\" data-contrast=\"auto\"><span class=\"NormalTextRun SCXW241058271 BCX8\">Ein romantischer Rock in A-Linie aus paillettenbesetztem T\u00fcll, der genau die richtige Menge an Glitzer hinzuf\u00fcgt. Perfekt f\u00fcr einen vertr\u00e4umten Braut-Look als Teil unserer Mix &amp; Match-Kollektion. Auch ohne Glitzer als Noah-B erh\u00e4ltlich, f\u00fcr einen dezenteren, minimalistischen Effekt.<\/span><\/span><span class=\"EOP SCXW241058271 BCX8\" data-ccp-props=\"{}\">\u00a0<\/span><\/p>","protected":false},"featured_media":15352,"template":"","meta":{"_acf_changed":false,"site-sidebar-layout":"default","site-content-layout":"","ast-site-content-layout":"default","site-content-style":"default","site-sidebar-style":"default","ast-global-header-display":"","ast-banner-title-visibility":"","ast-main-header-display":"","ast-hfb-above-header-display":"","ast-hfb-below-header-display":"","ast-hfb-mobile-header-display":"","site-post-title":"","ast-breadcrumbs-content":"","ast-featured-img":"","footer-sml-layout":"","ast-disable-related-posts":"","theme-transparent-header-meta":"","adv-header-id-meta":"","stick-header-meta":"","header-above-stick-meta":"","header-main-stick-meta":"","header-below-stick-meta":"","astra-migrate-meta-layouts":"default","ast-page-background-enabled":"default","ast-page-background-meta":{"desktop":{"background-color":"var(--ast-global-color-5)","background-image":"","background-repeat":"repeat","background-position":"center center","background-size":"auto","background-attachment":"scroll","background-type":"","background-media":"","overlay-type":"","overlay-color":"","overlay-opacity":"","overlay-gradient":""},"tablet":{"background-color":"","background-image":"","background-repeat":"repeat","background-position":"center center","background-size":"auto","background-attachment":"scroll","background-type":"","background-media":"","overlay-type":"","overlay-color":"","overlay-opacity":"","overlay-gradient":""},"mobile":{"background-color":"","background-image":"","background-repeat":"repeat","background-position":"center center","background-size":"auto","background-attachment":"scroll","background-type":"","background-media":"","overlay-type":"","overlay-color":"","overlay-opacity":"","overlay-gradient":""}},"ast-content-background-meta":{"desktop":{"background-color":"var(--ast-global-color-4)","background-image":"","background-repeat":"repeat","background-position":"center center","background-size":"auto","background-attachment":"scroll","background-type":"","background-media":"","overlay-type":"","overlay-color":"","overlay-opacity":"","overlay-gradient":""},"tablet":{"background-color":"var(--ast-global-color-4)","background-image":"","background-repeat":"repeat","background-position":"center center","background-size":"auto","background-attachment":"scroll","background-type":"","background-media":"","overlay-type":"","overlay-color":"","overlay-opacity":"","overlay-gradient":""},"mobile":{"background-color":"var(--ast-global-color-4)","background-image":"","background-repeat":"repeat","background-position":"center center","background-size":"auto","background-attachment":"scroll","background-type":"","background-media":"","overlay-type":"","overlay-color":"","overlay-opacity":"","overlay-gradient":""}}},"product_brand":[],"product_cat":[127,159],"product_tag":[],"class_list":{"0":"post-15422","1":"product","2":"type-product","3":"status-publish","4":"has-post-thumbnail","6":"product_cat-mix-match","7":"product_cat-skirts","8":"desktop-align-left","9":"tablet-align-left","10":"mobile-align-left","12":"first","13":"instock","14":"shipping-taxable","15":"product-type-simple"},"acf":[],"yoast_head":"<!-- This site is optimized with the Yoast SEO plugin v27.5 - https:\/\/yoast.com\/product\/yoast-seo-wordpress\/ -->\n<title>Sparkling A-line bridal skirt | GBS Herve Paris<\/title>\n<meta name=\"robots\" content=\"index, follow, max-snippet:-1, max-image-preview:large, max-video-preview:-1\" \/>\n<link rel=\"canonical\" href=\"https:\/\/gbsherveparis.com\/de\/wedding-dress\/noah-skirt\/\" \/>\n<meta property=\"og:locale\" content=\"de_DE\" \/>\n<meta property=\"og:type\" content=\"article\" \/>\n<meta property=\"og:title\" content=\"Sparkling A-line bridal skirt | GBS Herve Paris\" \/>\n<meta property=\"og:description\" content=\"A romantic A-line skirt in sequined tulle that adds just the right amount of sparkle. Perfect for creating a dreamy bridal look as part of our Mix &amp; Match collection. Also available without the glitter as Noah-B, for a more understated, minimalist effect.\u00a0\" \/>\n<meta property=\"og:url\" content=\"https:\/\/gbsherveparis.com\/de\/wedding-dress\/noah-skirt\/\" \/>\n<meta property=\"og:site_name\" content=\"GBS Herve Paris\" \/>\n<meta property=\"article:modified_time\" content=\"2025-04-29T07:41:51+00:00\" \/>\n<meta property=\"og:image\" content=\"https:\/\/gbsherveparis.com\/wp-content\/uploads\/2025\/04\/Noah_Front-scaled.jpg\" \/>\n\t<meta property=\"og:image:width\" content=\"1828\" \/>\n\t<meta property=\"og:image:height\" content=\"2560\" \/>\n\t<meta property=\"og:image:type\" content=\"image\/jpeg\" \/>\n<meta name=\"twitter:card\" content=\"summary_large_image\" \/>\n<meta name=\"twitter:label1\" content=\"Gesch\u00e4tzte Lesezeit\" \/>\n\t<meta name=\"twitter:data1\" content=\"1\u00a0Minute\" \/>\n<script type=\"application\/ld+json\" class=\"yoast-schema-graph\">{\"@context\":\"https:\\\/\\\/schema.org\",\"@graph\":[{\"@type\":\"WebPage\",\"@id\":\"https:\\\/\\\/gbsherveparis.com\\\/wedding-dress\\\/noah-skirt\\\/\",\"url\":\"https:\\\/\\\/gbsherveparis.com\\\/wedding-dress\\\/noah-skirt\\\/\",\"name\":\"Sparkling A-line bridal skirt | GBS Herve Paris\",\"isPartOf\":{\"@id\":\"https:\\\/\\\/gbsherveparis.com\\\/#website\"},\"primaryImageOfPage\":{\"@id\":\"https:\\\/\\\/gbsherveparis.com\\\/wedding-dress\\\/noah-skirt\\\/#primaryimage\"},\"image\":{\"@id\":\"https:\\\/\\\/gbsherveparis.com\\\/wedding-dress\\\/noah-skirt\\\/#primaryimage\"},\"thumbnailUrl\":\"https:\\\/\\\/gbsherveparis.com\\\/wp-content\\\/uploads\\\/2025\\\/04\\\/Noah_Front-scaled.jpg\",\"datePublished\":\"2025-04-07T09:04:48+00:00\",\"dateModified\":\"2025-04-29T07:41:51+00:00\",\"breadcrumb\":{\"@id\":\"https:\\\/\\\/gbsherveparis.com\\\/wedding-dress\\\/noah-skirt\\\/#breadcrumb\"},\"inLanguage\":\"de\",\"potentialAction\":[{\"@type\":\"ReadAction\",\"target\":[\"https:\\\/\\\/gbsherveparis.com\\\/wedding-dress\\\/noah-skirt\\\/\"]}]},{\"@type\":\"ImageObject\",\"inLanguage\":\"de\",\"@id\":\"https:\\\/\\\/gbsherveparis.com\\\/wedding-dress\\\/noah-skirt\\\/#primaryimage\",\"url\":\"https:\\\/\\\/gbsherveparis.com\\\/wp-content\\\/uploads\\\/2025\\\/04\\\/Noah_Front-scaled.jpg\",\"contentUrl\":\"https:\\\/\\\/gbsherveparis.com\\\/wp-content\\\/uploads\\\/2025\\\/04\\\/Noah_Front-scaled.jpg\",\"width\":1828,\"height\":2560,\"caption\":\"Noah bridal skirt\"},{\"@type\":\"BreadcrumbList\",\"@id\":\"https:\\\/\\\/gbsherveparis.com\\\/wedding-dress\\\/noah-skirt\\\/#breadcrumb\",\"itemListElement\":[{\"@type\":\"ListItem\",\"position\":1,\"name\":\"Home\",\"item\":\"https:\\\/\\\/gbsherveparis.com\\\/\"},{\"@type\":\"ListItem\",\"position\":2,\"name\":\"Collections\",\"item\":\"https:\\\/\\\/gbsherveparis.com\\\/collections\\\/\"},{\"@type\":\"ListItem\",\"position\":3,\"name\":\"Noah skirt\"}]},{\"@type\":\"WebSite\",\"@id\":\"https:\\\/\\\/gbsherveparis.com\\\/#website\",\"url\":\"https:\\\/\\\/gbsherveparis.com\\\/\",\"name\":\"GBS Herve Paris\",\"description\":\"The Libre Collection is out now!\",\"publisher\":{\"@id\":\"https:\\\/\\\/gbsherveparis.com\\\/#organization\"},\"potentialAction\":[{\"@type\":\"SearchAction\",\"target\":{\"@type\":\"EntryPoint\",\"urlTemplate\":\"https:\\\/\\\/gbsherveparis.com\\\/?s={search_term_string}\"},\"query-input\":{\"@type\":\"PropertyValueSpecification\",\"valueRequired\":true,\"valueName\":\"search_term_string\"}}],\"inLanguage\":\"de\"},{\"@type\":\"Organization\",\"@id\":\"https:\\\/\\\/gbsherveparis.com\\\/#organization\",\"name\":\"GBS Herve Paris\",\"url\":\"https:\\\/\\\/gbsherveparis.com\\\/\",\"logo\":{\"@type\":\"ImageObject\",\"inLanguage\":\"de\",\"@id\":\"https:\\\/\\\/gbsherveparis.com\\\/#\\\/schema\\\/logo\\\/image\\\/\",\"url\":\"https:\\\/\\\/gbsherveparis.com\\\/wp-content\\\/uploads\\\/2023\\\/11\\\/cropped-GBS-Herve-Paris-logo.png\",\"contentUrl\":\"https:\\\/\\\/gbsherveparis.com\\\/wp-content\\\/uploads\\\/2023\\\/11\\\/cropped-GBS-Herve-Paris-logo.png\",\"width\":350,\"height\":100,\"caption\":\"GBS Herve Paris\"},\"image\":{\"@id\":\"https:\\\/\\\/gbsherveparis.com\\\/#\\\/schema\\\/logo\\\/image\\\/\"}}]}<\/script>\n<!-- \/ Yoast SEO plugin. -->","yoast_head_json":{"title":"Funkelnder A-Linien-Brautrock | GBS Herve Paris","robots":{"index":"index","follow":"follow","max-snippet":"max-snippet:-1","max-image-preview":"max-image-preview:large","max-video-preview":"max-video-preview:-1"},"canonical":"https:\/\/gbsherveparis.com\/de\/wedding-dress\/noah-skirt\/","og_locale":"de_DE","og_type":"article","og_title":"Sparkling A-line bridal skirt | GBS Herve Paris","og_description":"A romantic A-line skirt in sequined tulle that adds just the right amount of sparkle. Perfect for creating a dreamy bridal look as part of our Mix &amp; Match collection. Also available without the glitter as Noah-B, for a more understated, minimalist effect.\u00a0","og_url":"https:\/\/gbsherveparis.com\/de\/wedding-dress\/noah-skirt\/","og_site_name":"GBS Herve Paris","article_modified_time":"2025-04-29T07:41:51+00:00","og_image":[{"width":1828,"height":2560,"url":"https:\/\/gbsherveparis.com\/wp-content\/uploads\/2025\/04\/Noah_Front-scaled.jpg","type":"image\/jpeg"}],"twitter_card":"summary_large_image","twitter_misc":{"Gesch\u00e4tzte Lesezeit":"1\u00a0Minute"},"schema":{"@context":"https:\/\/schema.org","@graph":[{"@type":"WebPage","@id":"https:\/\/gbsherveparis.com\/wedding-dress\/noah-skirt\/","url":"https:\/\/gbsherveparis.com\/wedding-dress\/noah-skirt\/","name":"Funkelnder A-Linien-Brautrock | GBS Herve Paris","isPartOf":{"@id":"https:\/\/gbsherveparis.com\/#website"},"primaryImageOfPage":{"@id":"https:\/\/gbsherveparis.com\/wedding-dress\/noah-skirt\/#primaryimage"},"image":{"@id":"https:\/\/gbsherveparis.com\/wedding-dress\/noah-skirt\/#primaryimage"},"thumbnailUrl":"https:\/\/gbsherveparis.com\/wp-content\/uploads\/2025\/04\/Noah_Front-scaled.jpg","datePublished":"2025-04-07T09:04:48+00:00","dateModified":"2025-04-29T07:41:51+00:00","breadcrumb":{"@id":"https:\/\/gbsherveparis.com\/wedding-dress\/noah-skirt\/#breadcrumb"},"inLanguage":"de","potentialAction":[{"@type":"ReadAction","target":["https:\/\/gbsherveparis.com\/wedding-dress\/noah-skirt\/"]}]},{"@type":"ImageObject","inLanguage":"de","@id":"https:\/\/gbsherveparis.com\/wedding-dress\/noah-skirt\/#primaryimage","url":"https:\/\/gbsherveparis.com\/wp-content\/uploads\/2025\/04\/Noah_Front-scaled.jpg","contentUrl":"https:\/\/gbsherveparis.com\/wp-content\/uploads\/2025\/04\/Noah_Front-scaled.jpg","width":1828,"height":2560,"caption":"Noah bridal skirt"},{"@type":"BreadcrumbList","@id":"https:\/\/gbsherveparis.com\/wedding-dress\/noah-skirt\/#breadcrumb","itemListElement":[{"@type":"ListItem","position":1,"name":"Home","item":"https:\/\/gbsherveparis.com\/"},{"@type":"ListItem","position":2,"name":"Collections","item":"https:\/\/gbsherveparis.com\/collections\/"},{"@type":"ListItem","position":3,"name":"Noah skirt"}]},{"@type":"WebSite","@id":"https:\/\/gbsherveparis.com\/#website","url":"https:\/\/gbsherveparis.com\/","name":"GBS Herve Paris","description":"Die Libre Collection ist jetzt erh\u00e4ltlich!","publisher":{"@id":"https:\/\/gbsherveparis.com\/#organization"},"potentialAction":[{"@type":"SearchAction","target":{"@type":"EntryPoint","urlTemplate":"https:\/\/gbsherveparis.com\/?s={search_term_string}"},"query-input":{"@type":"PropertyValueSpecification","valueRequired":true,"valueName":"search_term_string"}}],"inLanguage":"de"},{"@type":"Organization","@id":"https:\/\/gbsherveparis.com\/#organization","name":"GBS Herve Paris","url":"https:\/\/gbsherveparis.com\/","logo":{"@type":"ImageObject","inLanguage":"de","@id":"https:\/\/gbsherveparis.com\/#\/schema\/logo\/image\/","url":"https:\/\/gbsherveparis.com\/wp-content\/uploads\/2023\/11\/cropped-GBS-Herve-Paris-logo.png","contentUrl":"https:\/\/gbsherveparis.com\/wp-content\/uploads\/2023\/11\/cropped-GBS-Herve-Paris-logo.png","width":350,"height":100,"caption":"GBS Herve Paris"},"image":{"@id":"https:\/\/gbsherveparis.com\/#\/schema\/logo\/image\/"}}]}},"_links":{"self":[{"href":"https:\/\/gbsherveparis.com\/de\/wp-json\/wp\/v2\/product\/15422","targetHints":{"allow":["GET"]}}],"collection":[{"href":"https:\/\/gbsherveparis.com\/de\/wp-json\/wp\/v2\/product"}],"about":[{"href":"https:\/\/gbsherveparis.com\/de\/wp-json\/wp\/v2\/types\/product"}],"version-history":[{"count":3,"href":"https:\/\/gbsherveparis.com\/de\/wp-json\/wp\/v2\/product\/15422\/revisions"}],"predecessor-version":[{"id":15828,"href":"https:\/\/gbsherveparis.com\/de\/wp-json\/wp\/v2\/product\/15422\/revisions\/15828"}],"wp:featuredmedia":[{"embeddable":true,"href":"https:\/\/gbsherveparis.com\/de\/wp-json\/wp\/v2\/media\/15352"}],"wp:attachment":[{"href":"https:\/\/gbsherveparis.com\/de\/wp-json\/wp\/v2\/media?parent=15422"}],"wp:term":[{"taxonomy":"product_brand","embeddable":true,"href":"https:\/\/gbsherveparis.com\/de\/wp-json\/wp\/v2\/product_brand?post=15422"},{"taxonomy":"product_cat","embeddable":true,"href":"https:\/\/gbsherveparis.com\/de\/wp-json\/wp\/v2\/product_cat?post=15422"},{"taxonomy":"product_tag","embeddable":true,"href":"https:\/\/gbsherveparis.com\/de\/wp-json\/wp\/v2\/product_tag?post=15422"}],"curies":[{"name":"wp","href":"https:\/\/api.w.org\/{rel}","templated":true}]}}