{"id":15439,"date":"2025-04-07T12:15:19","date_gmt":"2025-04-07T12:15:19","guid":{"rendered":"https:\/\/www.gbsherveparis.com\/?post_type=product&#038;p=15439"},"modified":"2025-06-04T13:02:48","modified_gmt":"2025-06-04T13:02:48","slug":"nureen-skirt","status":"publish","type":"product","link":"https:\/\/gbsherveparis.com\/de\/wedding-dress\/nureen-skirt\/","title":{"rendered":"Nureen-Rock"},"content":{"rendered":"","protected":false},"excerpt":{"rendered":"<p><span class=\"TextRun SCXW169207038 BCX8\" lang=\"EN-US\" xml:lang=\"EN-US\" data-contrast=\"auto\"><span class=\"NormalTextRun SCXW169207038 BCX8\">Ein figurbetonter T\u00fcllrock, der \u00fcber und \u00fcber mit aufw\u00e4ndiger Perlenspitze verziert ist. Das Design bietet eine atemberaubende Kombination aus Weichheit und Glamour und ist damit die perfekte Erg\u00e4nzung zu jedem St\u00fcck aus der Mix &amp; Match-Kollektion f\u00fcr einen modernen und dennoch zeitlosen Brautlook.<\/span><\/span><span class=\"EOP SCXW169207038 BCX8\" data-ccp-props=\"{}\">\u00a0<\/span><\/p>","protected":false},"featured_media":15467,"template":"","meta":{"_acf_changed":false,"site-sidebar-layout":"default","site-content-layout":"","ast-site-content-layout":"default","site-content-style":"default","site-sidebar-style":"default","ast-global-header-display":"","ast-banner-title-visibility":"","ast-main-header-display":"","ast-hfb-above-header-display":"","ast-hfb-below-header-display":"","ast-hfb-mobile-header-display":"","site-post-title":"","ast-breadcrumbs-content":"","ast-featured-img":"","footer-sml-layout":"","ast-disable-related-posts":"","theme-transparent-header-meta":"","adv-header-id-meta":"","stick-header-meta":"","header-above-stick-meta":"","header-main-stick-meta":"","header-below-stick-meta":"","astra-migrate-meta-layouts":"default","ast-page-background-enabled":"default","ast-page-background-meta":{"desktop":{"background-color":"var(--ast-global-color-5)","background-image":"","background-repeat":"repeat","background-position":"center center","background-size":"auto","background-attachment":"scroll","background-type":"","background-media":"","overlay-type":"","overlay-color":"","overlay-opacity":"","overlay-gradient":""},"tablet":{"background-color":"","background-image":"","background-repeat":"repeat","background-position":"center center","background-size":"auto","background-attachment":"scroll","background-type":"","background-media":"","overlay-type":"","overlay-color":"","overlay-opacity":"","overlay-gradient":""},"mobile":{"background-color":"","background-image":"","background-repeat":"repeat","background-position":"center center","background-size":"auto","background-attachment":"scroll","background-type":"","background-media":"","overlay-type":"","overlay-color":"","overlay-opacity":"","overlay-gradient":""}},"ast-content-background-meta":{"desktop":{"background-color":"var(--ast-global-color-4)","background-image":"","background-repeat":"repeat","background-position":"center center","background-size":"auto","background-attachment":"scroll","background-type":"","background-media":"","overlay-type":"","overlay-color":"","overlay-opacity":"","overlay-gradient":""},"tablet":{"background-color":"var(--ast-global-color-4)","background-image":"","background-repeat":"repeat","background-position":"center center","background-size":"auto","background-attachment":"scroll","background-type":"","background-media":"","overlay-type":"","overlay-color":"","overlay-opacity":"","overlay-gradient":""},"mobile":{"background-color":"var(--ast-global-color-4)","background-image":"","background-repeat":"repeat","background-position":"center center","background-size":"auto","background-attachment":"scroll","background-type":"","background-media":"","overlay-type":"","overlay-color":"","overlay-opacity":"","overlay-gradient":""}}},"product_brand":[],"product_cat":[127,159],"product_tag":[],"class_list":{"0":"post-15439","1":"product","2":"type-product","3":"status-publish","4":"has-post-thumbnail","6":"product_cat-mix-match","7":"product_cat-skirts","8":"desktop-align-left","9":"tablet-align-left","10":"mobile-align-left","12":"first","13":"instock","14":"shipping-taxable","15":"product-type-simple"},"acf":[],"yoast_head":"<!-- This site is optimized with the Yoast SEO plugin v27.5 - https:\/\/yoast.com\/product\/yoast-seo-wordpress\/ -->\n<title>Fit and flare bridal skirt with glitter details | GBS Herve Paris<\/title>\n<meta name=\"robots\" content=\"index, follow, max-snippet:-1, max-image-preview:large, max-video-preview:-1\" \/>\n<link rel=\"canonical\" href=\"https:\/\/gbsherveparis.com\/de\/wedding-dress\/nureen-skirt\/\" \/>\n<meta property=\"og:locale\" content=\"de_DE\" \/>\n<meta property=\"og:type\" content=\"article\" \/>\n<meta property=\"og:title\" content=\"Fit and flare bridal skirt with glitter details | GBS Herve Paris\" \/>\n<meta property=\"og:description\" content=\"A fit-and-flare tulle skirt, beautifully embellished with intricate beaded lace all over. The design offers a stunning combination of softness and glamour, making it the perfect complement to any piece from the Mix &amp; Match collection for a modern, yet timeless bridal look.\u00a0\" \/>\n<meta property=\"og:url\" content=\"https:\/\/gbsherveparis.com\/de\/wedding-dress\/nureen-skirt\/\" \/>\n<meta property=\"og:site_name\" content=\"GBS Herve Paris\" \/>\n<meta property=\"article:modified_time\" content=\"2025-06-04T13:02:48+00:00\" \/>\n<meta property=\"og:image\" content=\"https:\/\/gbsherveparis.com\/wp-content\/uploads\/2025\/04\/NINO_topNUREEN_skirt_-Herve_D1_0225.jpg\" \/>\n\t<meta property=\"og:image:width\" content=\"1500\" \/>\n\t<meta property=\"og:image:height\" content=\"2100\" \/>\n\t<meta property=\"og:image:type\" content=\"image\/jpeg\" \/>\n<meta name=\"twitter:card\" content=\"summary_large_image\" \/>\n<meta name=\"twitter:label1\" content=\"Gesch\u00e4tzte Lesezeit\" \/>\n\t<meta name=\"twitter:data1\" content=\"1\u00a0Minute\" \/>\n<script type=\"application\/ld+json\" class=\"yoast-schema-graph\">{\"@context\":\"https:\\\/\\\/schema.org\",\"@graph\":[{\"@type\":\"WebPage\",\"@id\":\"https:\\\/\\\/gbsherveparis.com\\\/wedding-dress\\\/nureen-skirt\\\/\",\"url\":\"https:\\\/\\\/gbsherveparis.com\\\/wedding-dress\\\/nureen-skirt\\\/\",\"name\":\"Fit and flare bridal skirt with glitter details | GBS Herve Paris\",\"isPartOf\":{\"@id\":\"https:\\\/\\\/gbsherveparis.com\\\/#website\"},\"primaryImageOfPage\":{\"@id\":\"https:\\\/\\\/gbsherveparis.com\\\/wedding-dress\\\/nureen-skirt\\\/#primaryimage\"},\"image\":{\"@id\":\"https:\\\/\\\/gbsherveparis.com\\\/wedding-dress\\\/nureen-skirt\\\/#primaryimage\"},\"thumbnailUrl\":\"https:\\\/\\\/gbsherveparis.com\\\/wp-content\\\/uploads\\\/2025\\\/04\\\/NINO_topNUREEN_skirt_-Herve_D1_0225.jpg\",\"datePublished\":\"2025-04-07T12:15:19+00:00\",\"dateModified\":\"2025-06-04T13:02:48+00:00\",\"breadcrumb\":{\"@id\":\"https:\\\/\\\/gbsherveparis.com\\\/wedding-dress\\\/nureen-skirt\\\/#breadcrumb\"},\"inLanguage\":\"de\",\"potentialAction\":[{\"@type\":\"ReadAction\",\"target\":[\"https:\\\/\\\/gbsherveparis.com\\\/wedding-dress\\\/nureen-skirt\\\/\"]}]},{\"@type\":\"ImageObject\",\"inLanguage\":\"de\",\"@id\":\"https:\\\/\\\/gbsherveparis.com\\\/wedding-dress\\\/nureen-skirt\\\/#primaryimage\",\"url\":\"https:\\\/\\\/gbsherveparis.com\\\/wp-content\\\/uploads\\\/2025\\\/04\\\/NINO_topNUREEN_skirt_-Herve_D1_0225.jpg\",\"contentUrl\":\"https:\\\/\\\/gbsherveparis.com\\\/wp-content\\\/uploads\\\/2025\\\/04\\\/NINO_topNUREEN_skirt_-Herve_D1_0225.jpg\",\"width\":1500,\"height\":2100,\"caption\":\"Nino top & Nureen skirt\"},{\"@type\":\"BreadcrumbList\",\"@id\":\"https:\\\/\\\/gbsherveparis.com\\\/wedding-dress\\\/nureen-skirt\\\/#breadcrumb\",\"itemListElement\":[{\"@type\":\"ListItem\",\"position\":1,\"name\":\"Home\",\"item\":\"https:\\\/\\\/gbsherveparis.com\\\/\"},{\"@type\":\"ListItem\",\"position\":2,\"name\":\"Collections\",\"item\":\"https:\\\/\\\/gbsherveparis.com\\\/collections\\\/\"},{\"@type\":\"ListItem\",\"position\":3,\"name\":\"Nureen skirt\"}]},{\"@type\":\"WebSite\",\"@id\":\"https:\\\/\\\/gbsherveparis.com\\\/#website\",\"url\":\"https:\\\/\\\/gbsherveparis.com\\\/\",\"name\":\"GBS Herve Paris\",\"description\":\"The Libre Collection is out now!\",\"publisher\":{\"@id\":\"https:\\\/\\\/gbsherveparis.com\\\/#organization\"},\"potentialAction\":[{\"@type\":\"SearchAction\",\"target\":{\"@type\":\"EntryPoint\",\"urlTemplate\":\"https:\\\/\\\/gbsherveparis.com\\\/?s={search_term_string}\"},\"query-input\":{\"@type\":\"PropertyValueSpecification\",\"valueRequired\":true,\"valueName\":\"search_term_string\"}}],\"inLanguage\":\"de\"},{\"@type\":\"Organization\",\"@id\":\"https:\\\/\\\/gbsherveparis.com\\\/#organization\",\"name\":\"GBS Herve Paris\",\"url\":\"https:\\\/\\\/gbsherveparis.com\\\/\",\"logo\":{\"@type\":\"ImageObject\",\"inLanguage\":\"de\",\"@id\":\"https:\\\/\\\/gbsherveparis.com\\\/#\\\/schema\\\/logo\\\/image\\\/\",\"url\":\"https:\\\/\\\/gbsherveparis.com\\\/wp-content\\\/uploads\\\/2023\\\/11\\\/cropped-GBS-Herve-Paris-logo.png\",\"contentUrl\":\"https:\\\/\\\/gbsherveparis.com\\\/wp-content\\\/uploads\\\/2023\\\/11\\\/cropped-GBS-Herve-Paris-logo.png\",\"width\":350,\"height\":100,\"caption\":\"GBS Herve Paris\"},\"image\":{\"@id\":\"https:\\\/\\\/gbsherveparis.com\\\/#\\\/schema\\\/logo\\\/image\\\/\"}}]}<\/script>\n<!-- \/ Yoast SEO plugin. -->","yoast_head_json":{"title":"Fit and flare bridal skirt with glitter details | GBS Herve Paris","robots":{"index":"index","follow":"follow","max-snippet":"max-snippet:-1","max-image-preview":"max-image-preview:large","max-video-preview":"max-video-preview:-1"},"canonical":"https:\/\/gbsherveparis.com\/de\/wedding-dress\/nureen-skirt\/","og_locale":"de_DE","og_type":"article","og_title":"Fit and flare bridal skirt with glitter details | GBS Herve Paris","og_description":"A fit-and-flare tulle skirt, beautifully embellished with intricate beaded lace all over. The design offers a stunning combination of softness and glamour, making it the perfect complement to any piece from the Mix &amp; Match collection for a modern, yet timeless bridal look.\u00a0","og_url":"https:\/\/gbsherveparis.com\/de\/wedding-dress\/nureen-skirt\/","og_site_name":"GBS Herve Paris","article_modified_time":"2025-06-04T13:02:48+00:00","og_image":[{"width":1500,"height":2100,"url":"https:\/\/gbsherveparis.com\/wp-content\/uploads\/2025\/04\/NINO_topNUREEN_skirt_-Herve_D1_0225.jpg","type":"image\/jpeg"}],"twitter_card":"summary_large_image","twitter_misc":{"Gesch\u00e4tzte Lesezeit":"1\u00a0Minute"},"schema":{"@context":"https:\/\/schema.org","@graph":[{"@type":"WebPage","@id":"https:\/\/gbsherveparis.com\/wedding-dress\/nureen-skirt\/","url":"https:\/\/gbsherveparis.com\/wedding-dress\/nureen-skirt\/","name":"Fit and flare bridal skirt with glitter details | GBS Herve Paris","isPartOf":{"@id":"https:\/\/gbsherveparis.com\/#website"},"primaryImageOfPage":{"@id":"https:\/\/gbsherveparis.com\/wedding-dress\/nureen-skirt\/#primaryimage"},"image":{"@id":"https:\/\/gbsherveparis.com\/wedding-dress\/nureen-skirt\/#primaryimage"},"thumbnailUrl":"https:\/\/gbsherveparis.com\/wp-content\/uploads\/2025\/04\/NINO_topNUREEN_skirt_-Herve_D1_0225.jpg","datePublished":"2025-04-07T12:15:19+00:00","dateModified":"2025-06-04T13:02:48+00:00","breadcrumb":{"@id":"https:\/\/gbsherveparis.com\/wedding-dress\/nureen-skirt\/#breadcrumb"},"inLanguage":"de","potentialAction":[{"@type":"ReadAction","target":["https:\/\/gbsherveparis.com\/wedding-dress\/nureen-skirt\/"]}]},{"@type":"ImageObject","inLanguage":"de","@id":"https:\/\/gbsherveparis.com\/wedding-dress\/nureen-skirt\/#primaryimage","url":"https:\/\/gbsherveparis.com\/wp-content\/uploads\/2025\/04\/NINO_topNUREEN_skirt_-Herve_D1_0225.jpg","contentUrl":"https:\/\/gbsherveparis.com\/wp-content\/uploads\/2025\/04\/NINO_topNUREEN_skirt_-Herve_D1_0225.jpg","width":1500,"height":2100,"caption":"Nino top & Nureen skirt"},{"@type":"BreadcrumbList","@id":"https:\/\/gbsherveparis.com\/wedding-dress\/nureen-skirt\/#breadcrumb","itemListElement":[{"@type":"ListItem","position":1,"name":"Home","item":"https:\/\/gbsherveparis.com\/"},{"@type":"ListItem","position":2,"name":"Collections","item":"https:\/\/gbsherveparis.com\/collections\/"},{"@type":"ListItem","position":3,"name":"Nureen skirt"}]},{"@type":"WebSite","@id":"https:\/\/gbsherveparis.com\/#website","url":"https:\/\/gbsherveparis.com\/","name":"GBS Herve Paris","description":"Die Libre Collection ist jetzt erh\u00e4ltlich!","publisher":{"@id":"https:\/\/gbsherveparis.com\/#organization"},"potentialAction":[{"@type":"SearchAction","target":{"@type":"EntryPoint","urlTemplate":"https:\/\/gbsherveparis.com\/?s={search_term_string}"},"query-input":{"@type":"PropertyValueSpecification","valueRequired":true,"valueName":"search_term_string"}}],"inLanguage":"de"},{"@type":"Organization","@id":"https:\/\/gbsherveparis.com\/#organization","name":"GBS Herve Paris","url":"https:\/\/gbsherveparis.com\/","logo":{"@type":"ImageObject","inLanguage":"de","@id":"https:\/\/gbsherveparis.com\/#\/schema\/logo\/image\/","url":"https:\/\/gbsherveparis.com\/wp-content\/uploads\/2023\/11\/cropped-GBS-Herve-Paris-logo.png","contentUrl":"https:\/\/gbsherveparis.com\/wp-content\/uploads\/2023\/11\/cropped-GBS-Herve-Paris-logo.png","width":350,"height":100,"caption":"GBS Herve Paris"},"image":{"@id":"https:\/\/gbsherveparis.com\/#\/schema\/logo\/image\/"}}]}},"_links":{"self":[{"href":"https:\/\/gbsherveparis.com\/de\/wp-json\/wp\/v2\/product\/15439","targetHints":{"allow":["GET"]}}],"collection":[{"href":"https:\/\/gbsherveparis.com\/de\/wp-json\/wp\/v2\/product"}],"about":[{"href":"https:\/\/gbsherveparis.com\/de\/wp-json\/wp\/v2\/types\/product"}],"version-history":[{"count":5,"href":"https:\/\/gbsherveparis.com\/de\/wp-json\/wp\/v2\/product\/15439\/revisions"}],"predecessor-version":[{"id":16411,"href":"https:\/\/gbsherveparis.com\/de\/wp-json\/wp\/v2\/product\/15439\/revisions\/16411"}],"wp:featuredmedia":[{"embeddable":true,"href":"https:\/\/gbsherveparis.com\/de\/wp-json\/wp\/v2\/media\/15467"}],"wp:attachment":[{"href":"https:\/\/gbsherveparis.com\/de\/wp-json\/wp\/v2\/media?parent=15439"}],"wp:term":[{"taxonomy":"product_brand","embeddable":true,"href":"https:\/\/gbsherveparis.com\/de\/wp-json\/wp\/v2\/product_brand?post=15439"},{"taxonomy":"product_cat","embeddable":true,"href":"https:\/\/gbsherveparis.com\/de\/wp-json\/wp\/v2\/product_cat?post=15439"},{"taxonomy":"product_tag","embeddable":true,"href":"https:\/\/gbsherveparis.com\/de\/wp-json\/wp\/v2\/product_tag?post=15439"}],"curies":[{"name":"wp","href":"https:\/\/api.w.org\/{rel}","templated":true}]}}